{"id":21412,"date":"2020-08-21T17:45:41","date_gmt":"2020-08-21T17:45:41","guid":{"rendered":"http:\/\/navigent.dk.84-246-247-21.web04.telanco.dk\/shop\/Ikke%20kategoriseret\/palea-hanger-ii\/"},"modified":"2025-05-10T11:44:21","modified_gmt":"2025-05-10T11:44:21","slug":"palea-hanger-ii","status":"publish","type":"product","link":"https:\/\/akvajewellery.com\/da\/shop\/consilium-da\/palea-hanger-ii\/","title":{"rendered":"Palea Hanger II"},"content":{"rendered":"<p>Palea Hanger II er lavet i massiv 14K genanvendt guld sat med en 0,03ct Top Wesselton VS diamant. Prisen er per. styk.<\/p>\n<p>Kontakt os gerne for yderligere vejledning og specielle \u00f8nsker.<br \/>\nDu er altid velkommen til at se og pr\u00f8ve hele kollektionen i vores showroom i K\u00f8benhavn. Bestil en tid.<\/p>\n","protected":false},"excerpt":{"rendered":"<p>I denne \u00f8rering har vi kombineret Palea og Spuma designet i et perfekt match. Palea er det latinske ord for siv. Spuma er det latinske ord for skum. \u00d8reringens nederste del med dens delikate kurver og bl\u00f8de linjer, er inspireret af det siv, der er at finde i og omkring de nordiske farvande. Den \u00f8verste del er inspireret af det skummende vand, der efterlades i strandkanten, n\u00e5r havet rammer kysten.<\/p>\n","protected":false},"featured_media":42527,"template":"","meta":{"_acf_changed":false,"_wp_convertkit_post_meta":{"form":"-1","landing_page":"","tag":"0","restrict_content":""}},"product_brand":[],"product_cat":[117,146,140,142,139,134,176],"product_tag":[],"class_list":{"0":"post-21412","1":"product","2":"type-product","3":"status-publish","4":"has-post-thumbnail","6":"product_cat-consilium-da","7":"product_cat-diamant-oereringe","8":"product_cat-diamantsmykker","9":"product_cat-guld-oereringe","10":"product_cat-guldsmykker","11":"product_cat-smykker","12":"product_cat-oereringe-da","14":"first","15":"instock","16":"taxable","17":"shipping-taxable","18":"purchasable","19":"product-type-simple"},"acf":[],"yoast_head":"<!-- This site is optimized with the Yoast SEO plugin v27.5 - https:\/\/yoast.com\/product\/yoast-seo-wordpress\/ -->\n<title>Palea Hanger II - AKVA Jewellery<\/title>\n<meta name=\"robots\" content=\"index, follow, max-snippet:-1, max-image-preview:large, max-video-preview:-1\" \/>\n<link rel=\"canonical\" href=\"https:\/\/akvajewellery.com\/da\/shop\/consilium-da\/palea-hanger-ii\/\" \/>\n<meta property=\"og:locale\" content=\"da_DK\" \/>\n<meta property=\"og:type\" content=\"article\" \/>\n<meta property=\"og:title\" content=\"Palea Hanger II - AKVA Jewellery\" \/>\n<meta property=\"og:description\" content=\"I denne \u00f8rering har vi kombineret Palea og Spuma designet i et perfekt match. Palea er det latinske ord for siv. Spuma er det latinske ord for skum. \u00d8reringens nederste del med dens delikate kurver og bl\u00f8de linjer, er inspireret af det siv, der er at finde i og omkring de nordiske farvande. Den \u00f8verste del er inspireret af det skummende vand, der efterlades i strandkanten, n\u00e5r havet rammer kysten.\" \/>\n<meta property=\"og:url\" content=\"https:\/\/akvajewellery.com\/da\/shop\/consilium-da\/palea-hanger-ii\/\" \/>\n<meta property=\"og:site_name\" content=\"AKVA Jewellery\" \/>\n<meta property=\"article:modified_time\" content=\"2025-05-10T11:44:21+00:00\" \/>\n<meta property=\"og:image\" content=\"https:\/\/akvajewellery.com\/wp-content\/uploads\/2024\/11\/AKVA_LOOKBOOK_52_01_S-scaled.jpg\" \/>\n\t<meta property=\"og:image:width\" content=\"1829\" \/>\n\t<meta property=\"og:image:height\" content=\"2560\" \/>\n\t<meta property=\"og:image:type\" content=\"image\/jpeg\" \/>\n<meta name=\"twitter:card\" content=\"summary_large_image\" \/>\n<meta name=\"twitter:label1\" content=\"Estimeret l\u00e6setid\" \/>\n\t<meta name=\"twitter:data1\" content=\"1 minut\" \/>\n<script type=\"application\/ld+json\" class=\"yoast-schema-graph\">{\"@context\":\"https:\\\/\\\/schema.org\",\"@graph\":[{\"@type\":\"WebPage\",\"@id\":\"https:\\\/\\\/akvajewellery.com\\\/da\\\/shop\\\/consilium-da\\\/palea-hanger-ii\\\/\",\"url\":\"https:\\\/\\\/akvajewellery.com\\\/da\\\/shop\\\/consilium-da\\\/palea-hanger-ii\\\/\",\"name\":\"Palea Hanger II - AKVA Jewellery\",\"isPartOf\":{\"@id\":\"http:\\\/\\\/staging-1697969310.akvajewellery.com\\\/#website\"},\"primaryImageOfPage\":{\"@id\":\"https:\\\/\\\/akvajewellery.com\\\/da\\\/shop\\\/consilium-da\\\/palea-hanger-ii\\\/#primaryimage\"},\"image\":{\"@id\":\"https:\\\/\\\/akvajewellery.com\\\/da\\\/shop\\\/consilium-da\\\/palea-hanger-ii\\\/#primaryimage\"},\"thumbnailUrl\":\"https:\\\/\\\/akvajewellery.com\\\/wp-content\\\/uploads\\\/2024\\\/11\\\/AKVA_LOOKBOOK_52_01_S-scaled.jpg\",\"datePublished\":\"2020-08-21T17:45:41+00:00\",\"dateModified\":\"2025-05-10T11:44:21+00:00\",\"breadcrumb\":{\"@id\":\"https:\\\/\\\/akvajewellery.com\\\/da\\\/shop\\\/consilium-da\\\/palea-hanger-ii\\\/#breadcrumb\"},\"inLanguage\":\"da-DK\",\"potentialAction\":[{\"@type\":\"ReadAction\",\"target\":[\"https:\\\/\\\/akvajewellery.com\\\/da\\\/shop\\\/consilium-da\\\/palea-hanger-ii\\\/\"]}]},{\"@type\":\"ImageObject\",\"inLanguage\":\"da-DK\",\"@id\":\"https:\\\/\\\/akvajewellery.com\\\/da\\\/shop\\\/consilium-da\\\/palea-hanger-ii\\\/#primaryimage\",\"url\":\"https:\\\/\\\/akvajewellery.com\\\/wp-content\\\/uploads\\\/2024\\\/11\\\/AKVA_LOOKBOOK_52_01_S-scaled.jpg\",\"contentUrl\":\"https:\\\/\\\/akvajewellery.com\\\/wp-content\\\/uploads\\\/2024\\\/11\\\/AKVA_LOOKBOOK_52_01_S-scaled.jpg\",\"width\":1829,\"height\":2560},{\"@type\":\"BreadcrumbList\",\"@id\":\"https:\\\/\\\/akvajewellery.com\\\/da\\\/shop\\\/consilium-da\\\/palea-hanger-ii\\\/#breadcrumb\",\"itemListElement\":[{\"@type\":\"ListItem\",\"position\":1,\"name\":\"Home\",\"item\":\"https:\\\/\\\/akvajewellery.com\\\/\"},{\"@type\":\"ListItem\",\"position\":2,\"name\":\"Shop\",\"item\":\"http:\\\/\\\/staging-1697969310.akvajewellery.com\\\/shop\\\/\"},{\"@type\":\"ListItem\",\"position\":3,\"name\":\"Palea Hanger II\"}]},{\"@type\":\"WebSite\",\"@id\":\"http:\\\/\\\/staging-1697969310.akvajewellery.com\\\/#website\",\"url\":\"http:\\\/\\\/staging-1697969310.akvajewellery.com\\\/\",\"name\":\"AKVA Jewellery\",\"description\":\"AKVA Jewellery make timeless jewellery of high quality, which with its aesthetic expression encapsulates the feeling of the sea. All designs are made of recycled precious metals at the designers&#039; workshop in the heart of Copenhagen.\",\"publisher\":{\"@id\":\"http:\\\/\\\/staging-1697969310.akvajewellery.com\\\/#organization\"},\"potentialAction\":[{\"@type\":\"SearchAction\",\"target\":{\"@type\":\"EntryPoint\",\"urlTemplate\":\"http:\\\/\\\/staging-1697969310.akvajewellery.com\\\/?s={search_term_string}\"},\"query-input\":{\"@type\":\"PropertyValueSpecification\",\"valueRequired\":true,\"valueName\":\"search_term_string\"}}],\"inLanguage\":\"da-DK\"},{\"@type\":\"Organization\",\"@id\":\"http:\\\/\\\/staging-1697969310.akvajewellery.com\\\/#organization\",\"name\":\"AKVA Jewellery\",\"url\":\"http:\\\/\\\/staging-1697969310.akvajewellery.com\\\/\",\"logo\":{\"@type\":\"ImageObject\",\"inLanguage\":\"da-DK\",\"@id\":\"http:\\\/\\\/staging-1697969310.akvajewellery.com\\\/#\\\/schema\\\/logo\\\/image\\\/\",\"url\":\"https:\\\/\\\/akvajewellery.com\\\/wp-content\\\/uploads\\\/2023\\\/01\\\/AKVA-Risorsa-1-1.png\",\"contentUrl\":\"https:\\\/\\\/akvajewellery.com\\\/wp-content\\\/uploads\\\/2023\\\/01\\\/AKVA-Risorsa-1-1.png\",\"width\":3983,\"height\":1120,\"caption\":\"AKVA Jewellery\"},\"image\":{\"@id\":\"http:\\\/\\\/staging-1697969310.akvajewellery.com\\\/#\\\/schema\\\/logo\\\/image\\\/\"}}]}<\/script>\n<!-- \/ Yoast SEO plugin. -->","yoast_head_json":{"title":"Palea Hanger II - AKVA Jewellery","robots":{"index":"index","follow":"follow","max-snippet":"max-snippet:-1","max-image-preview":"max-image-preview:large","max-video-preview":"max-video-preview:-1"},"canonical":"https:\/\/akvajewellery.com\/da\/shop\/consilium-da\/palea-hanger-ii\/","og_locale":"da_DK","og_type":"article","og_title":"Palea Hanger II - AKVA Jewellery","og_description":"I denne \u00f8rering har vi kombineret Palea og Spuma designet i et perfekt match. Palea er det latinske ord for siv. Spuma er det latinske ord for skum. \u00d8reringens nederste del med dens delikate kurver og bl\u00f8de linjer, er inspireret af det siv, der er at finde i og omkring de nordiske farvande. Den \u00f8verste del er inspireret af det skummende vand, der efterlades i strandkanten, n\u00e5r havet rammer kysten.","og_url":"https:\/\/akvajewellery.com\/da\/shop\/consilium-da\/palea-hanger-ii\/","og_site_name":"AKVA Jewellery","article_modified_time":"2025-05-10T11:44:21+00:00","og_image":[{"width":1829,"height":2560,"url":"https:\/\/akvajewellery.com\/wp-content\/uploads\/2024\/11\/AKVA_LOOKBOOK_52_01_S-scaled.jpg","type":"image\/jpeg"}],"twitter_card":"summary_large_image","twitter_misc":{"Estimeret l\u00e6setid":"1 minut"},"schema":{"@context":"https:\/\/schema.org","@graph":[{"@type":"WebPage","@id":"https:\/\/akvajewellery.com\/da\/shop\/consilium-da\/palea-hanger-ii\/","url":"https:\/\/akvajewellery.com\/da\/shop\/consilium-da\/palea-hanger-ii\/","name":"Palea Hanger II - AKVA Jewellery","isPartOf":{"@id":"http:\/\/staging-1697969310.akvajewellery.com\/#website"},"primaryImageOfPage":{"@id":"https:\/\/akvajewellery.com\/da\/shop\/consilium-da\/palea-hanger-ii\/#primaryimage"},"image":{"@id":"https:\/\/akvajewellery.com\/da\/shop\/consilium-da\/palea-hanger-ii\/#primaryimage"},"thumbnailUrl":"https:\/\/akvajewellery.com\/wp-content\/uploads\/2024\/11\/AKVA_LOOKBOOK_52_01_S-scaled.jpg","datePublished":"2020-08-21T17:45:41+00:00","dateModified":"2025-05-10T11:44:21+00:00","breadcrumb":{"@id":"https:\/\/akvajewellery.com\/da\/shop\/consilium-da\/palea-hanger-ii\/#breadcrumb"},"inLanguage":"da-DK","potentialAction":[{"@type":"ReadAction","target":["https:\/\/akvajewellery.com\/da\/shop\/consilium-da\/palea-hanger-ii\/"]}]},{"@type":"ImageObject","inLanguage":"da-DK","@id":"https:\/\/akvajewellery.com\/da\/shop\/consilium-da\/palea-hanger-ii\/#primaryimage","url":"https:\/\/akvajewellery.com\/wp-content\/uploads\/2024\/11\/AKVA_LOOKBOOK_52_01_S-scaled.jpg","contentUrl":"https:\/\/akvajewellery.com\/wp-content\/uploads\/2024\/11\/AKVA_LOOKBOOK_52_01_S-scaled.jpg","width":1829,"height":2560},{"@type":"BreadcrumbList","@id":"https:\/\/akvajewellery.com\/da\/shop\/consilium-da\/palea-hanger-ii\/#breadcrumb","itemListElement":[{"@type":"ListItem","position":1,"name":"Home","item":"https:\/\/akvajewellery.com\/"},{"@type":"ListItem","position":2,"name":"Shop","item":"http:\/\/staging-1697969310.akvajewellery.com\/shop\/"},{"@type":"ListItem","position":3,"name":"Palea Hanger II"}]},{"@type":"WebSite","@id":"http:\/\/staging-1697969310.akvajewellery.com\/#website","url":"http:\/\/staging-1697969310.akvajewellery.com\/","name":"AKVA Jewellery","description":"AKVA Jewellery make timeless jewellery of high quality, which with its aesthetic expression encapsulates the feeling of the sea. All designs are made of recycled precious metals at the designers&#039; workshop in the heart of Copenhagen.","publisher":{"@id":"http:\/\/staging-1697969310.akvajewellery.com\/#organization"},"potentialAction":[{"@type":"SearchAction","target":{"@type":"EntryPoint","urlTemplate":"http:\/\/staging-1697969310.akvajewellery.com\/?s={search_term_string}"},"query-input":{"@type":"PropertyValueSpecification","valueRequired":true,"valueName":"search_term_string"}}],"inLanguage":"da-DK"},{"@type":"Organization","@id":"http:\/\/staging-1697969310.akvajewellery.com\/#organization","name":"AKVA Jewellery","url":"http:\/\/staging-1697969310.akvajewellery.com\/","logo":{"@type":"ImageObject","inLanguage":"da-DK","@id":"http:\/\/staging-1697969310.akvajewellery.com\/#\/schema\/logo\/image\/","url":"https:\/\/akvajewellery.com\/wp-content\/uploads\/2023\/01\/AKVA-Risorsa-1-1.png","contentUrl":"https:\/\/akvajewellery.com\/wp-content\/uploads\/2023\/01\/AKVA-Risorsa-1-1.png","width":3983,"height":1120,"caption":"AKVA Jewellery"},"image":{"@id":"http:\/\/staging-1697969310.akvajewellery.com\/#\/schema\/logo\/image\/"}}]}},"_links":{"self":[{"href":"https:\/\/akvajewellery.com\/da\/wp-json\/wp\/v2\/product\/21412","targetHints":{"allow":["GET"]}}],"collection":[{"href":"https:\/\/akvajewellery.com\/da\/wp-json\/wp\/v2\/product"}],"about":[{"href":"https:\/\/akvajewellery.com\/da\/wp-json\/wp\/v2\/types\/product"}],"version-history":[{"count":3,"href":"https:\/\/akvajewellery.com\/da\/wp-json\/wp\/v2\/product\/21412\/revisions"}],"predecessor-version":[{"id":29444,"href":"https:\/\/akvajewellery.com\/da\/wp-json\/wp\/v2\/product\/21412\/revisions\/29444"}],"wp:featuredmedia":[{"embeddable":true,"href":"https:\/\/akvajewellery.com\/da\/wp-json\/wp\/v2\/media\/42527"}],"wp:attachment":[{"href":"https:\/\/akvajewellery.com\/da\/wp-json\/wp\/v2\/media?parent=21412"}],"wp:term":[{"taxonomy":"product_brand","embeddable":true,"href":"https:\/\/akvajewellery.com\/da\/wp-json\/wp\/v2\/product_brand?post=21412"},{"taxonomy":"product_cat","embeddable":true,"href":"https:\/\/akvajewellery.com\/da\/wp-json\/wp\/v2\/product_cat?post=21412"},{"taxonomy":"product_tag","embeddable":true,"href":"https:\/\/akvajewellery.com\/da\/wp-json\/wp\/v2\/product_tag?post=21412"}],"curies":[{"name":"wp","href":"https:\/\/api.w.org\/{rel}","templated":true}]}}