{"id":21421,"date":"2020-08-21T17:48:02","date_gmt":"2020-08-21T17:48:02","guid":{"rendered":"http:\/\/navigent.dk.84-246-247-21.web04.telanco.dk\/shop\/Ikke%20kategoriseret\/unda-bracelet\/"},"modified":"2023-06-22T13:22:46","modified_gmt":"2023-06-22T13:22:46","slug":"unda-bracelet","status":"publish","type":"product","link":"https:\/\/akvajewellery.com\/da\/shop\/consilium-da\/unda-bracelet\/","title":{"rendered":"Unda Bracelet"},"content":{"rendered":"<p>Unda Bracelet er lavet i massiv 14K genanvendt guld.<\/p>\n<p>Kontakt os gerne for yderligere vejledning og specielle \u00f8nsker.<br \/>\nDu er altid velkommen til at se og pr\u00f8ve hele kollektionen i vores showroom i K\u00f8benhavn. Bestil en tid.<\/p>\n","protected":false},"excerpt":{"rendered":"<p>Unda er det latinske ord for b\u00f8lge. B\u00f8lger kan b\u00e5de v\u00e6re hensynsl\u00f8se og beroligende &#8211; de er evigt foranderlige. Vores Unda Bracelet er inspireret af de foranderlige b\u00f8lger. Vedh\u00e6nget i armb\u00e5ndet er i et elegant forl\u00f8b med k\u00e6den, hvilket givet et s\u00f8dt og feminint udtryk til designet.<\/p>\n","protected":false},"featured_media":45558,"template":"","meta":{"_acf_changed":false,"_wp_convertkit_post_meta":{"form":"-1","landing_page":"","tag":"0","restrict_content":""}},"product_brand":[],"product_cat":[137,117,144,139,134],"product_tag":[],"class_list":{"0":"post-21421","1":"product","2":"type-product","3":"status-publish","4":"has-post-thumbnail","6":"product_cat-armbaand","7":"product_cat-consilium-da","8":"product_cat-guld-armbaand","9":"product_cat-guldsmykker","10":"product_cat-smykker","12":"first","13":"instock","14":"taxable","15":"shipping-taxable","16":"purchasable","17":"product-type-variable"},"acf":[],"yoast_head":"<!-- This site is optimized with the Yoast SEO plugin v27.5 - https:\/\/yoast.com\/product\/yoast-seo-wordpress\/ -->\n<title>Unda Bracelet - AKVA Jewellery<\/title>\n<meta name=\"robots\" content=\"index, follow, max-snippet:-1, max-image-preview:large, max-video-preview:-1\" \/>\n<link rel=\"canonical\" href=\"https:\/\/akvajewellery.com\/da\/shop\/consilium-da\/unda-bracelet\/\" \/>\n<meta property=\"og:locale\" content=\"da_DK\" \/>\n<meta property=\"og:type\" content=\"article\" \/>\n<meta property=\"og:title\" content=\"Unda Bracelet - AKVA Jewellery\" \/>\n<meta property=\"og:description\" content=\"Unda er det latinske ord for b\u00f8lge. B\u00f8lger kan b\u00e5de v\u00e6re hensynsl\u00f8se og beroligende - de er evigt foranderlige. Vores Unda Bracelet er inspireret af de foranderlige b\u00f8lger. Vedh\u00e6nget i armb\u00e5ndet er i et elegant forl\u00f8b med k\u00e6den, hvilket givet et s\u00f8dt og feminint udtryk til designet.\" \/>\n<meta property=\"og:url\" content=\"https:\/\/akvajewellery.com\/da\/shop\/consilium-da\/unda-bracelet\/\" \/>\n<meta property=\"og:site_name\" content=\"AKVA Jewellery\" \/>\n<meta property=\"article:modified_time\" content=\"2023-06-22T13:22:46+00:00\" \/>\n<meta property=\"og:image\" content=\"https:\/\/akvajewellery.com\/wp-content\/uploads\/2024\/11\/AKVA_LOOKBOOK_UNDABRACE_01_S-scaled.jpg\" \/>\n\t<meta property=\"og:image:width\" content=\"1829\" \/>\n\t<meta property=\"og:image:height\" content=\"2560\" \/>\n\t<meta property=\"og:image:type\" content=\"image\/jpeg\" \/>\n<meta name=\"twitter:card\" content=\"summary_large_image\" \/>\n<meta name=\"twitter:label1\" content=\"Estimeret l\u00e6setid\" \/>\n\t<meta name=\"twitter:data1\" content=\"1 minut\" \/>\n<script type=\"application\/ld+json\" class=\"yoast-schema-graph\">{\"@context\":\"https:\\\/\\\/schema.org\",\"@graph\":[{\"@type\":\"WebPage\",\"@id\":\"https:\\\/\\\/akvajewellery.com\\\/da\\\/shop\\\/consilium-da\\\/unda-bracelet\\\/\",\"url\":\"https:\\\/\\\/akvajewellery.com\\\/da\\\/shop\\\/consilium-da\\\/unda-bracelet\\\/\",\"name\":\"Unda Bracelet - AKVA Jewellery\",\"isPartOf\":{\"@id\":\"http:\\\/\\\/staging-1697969310.akvajewellery.com\\\/#website\"},\"primaryImageOfPage\":{\"@id\":\"https:\\\/\\\/akvajewellery.com\\\/da\\\/shop\\\/consilium-da\\\/unda-bracelet\\\/#primaryimage\"},\"image\":{\"@id\":\"https:\\\/\\\/akvajewellery.com\\\/da\\\/shop\\\/consilium-da\\\/unda-bracelet\\\/#primaryimage\"},\"thumbnailUrl\":\"https:\\\/\\\/akvajewellery.com\\\/wp-content\\\/uploads\\\/2024\\\/11\\\/AKVA_LOOKBOOK_UNDABRACE_01_S-scaled.jpg\",\"datePublished\":\"2020-08-21T17:48:02+00:00\",\"dateModified\":\"2023-06-22T13:22:46+00:00\",\"breadcrumb\":{\"@id\":\"https:\\\/\\\/akvajewellery.com\\\/da\\\/shop\\\/consilium-da\\\/unda-bracelet\\\/#breadcrumb\"},\"inLanguage\":\"da-DK\",\"potentialAction\":[{\"@type\":\"ReadAction\",\"target\":[\"https:\\\/\\\/akvajewellery.com\\\/da\\\/shop\\\/consilium-da\\\/unda-bracelet\\\/\"]}]},{\"@type\":\"ImageObject\",\"inLanguage\":\"da-DK\",\"@id\":\"https:\\\/\\\/akvajewellery.com\\\/da\\\/shop\\\/consilium-da\\\/unda-bracelet\\\/#primaryimage\",\"url\":\"https:\\\/\\\/akvajewellery.com\\\/wp-content\\\/uploads\\\/2024\\\/11\\\/AKVA_LOOKBOOK_UNDABRACE_01_S-scaled.jpg\",\"contentUrl\":\"https:\\\/\\\/akvajewellery.com\\\/wp-content\\\/uploads\\\/2024\\\/11\\\/AKVA_LOOKBOOK_UNDABRACE_01_S-scaled.jpg\",\"width\":1829,\"height\":2560},{\"@type\":\"BreadcrumbList\",\"@id\":\"https:\\\/\\\/akvajewellery.com\\\/da\\\/shop\\\/consilium-da\\\/unda-bracelet\\\/#breadcrumb\",\"itemListElement\":[{\"@type\":\"ListItem\",\"position\":1,\"name\":\"Home\",\"item\":\"https:\\\/\\\/akvajewellery.com\\\/\"},{\"@type\":\"ListItem\",\"position\":2,\"name\":\"Shop\",\"item\":\"http:\\\/\\\/staging-1697969310.akvajewellery.com\\\/shop\\\/\"},{\"@type\":\"ListItem\",\"position\":3,\"name\":\"Unda Bracelet\"}]},{\"@type\":\"WebSite\",\"@id\":\"http:\\\/\\\/staging-1697969310.akvajewellery.com\\\/#website\",\"url\":\"http:\\\/\\\/staging-1697969310.akvajewellery.com\\\/\",\"name\":\"AKVA Jewellery\",\"description\":\"AKVA Jewellery make timeless jewellery of high quality, which with its aesthetic expression encapsulates the feeling of the sea. All designs are made of recycled precious metals at the designers&#039; workshop in the heart of Copenhagen.\",\"publisher\":{\"@id\":\"http:\\\/\\\/staging-1697969310.akvajewellery.com\\\/#organization\"},\"potentialAction\":[{\"@type\":\"SearchAction\",\"target\":{\"@type\":\"EntryPoint\",\"urlTemplate\":\"http:\\\/\\\/staging-1697969310.akvajewellery.com\\\/?s={search_term_string}\"},\"query-input\":{\"@type\":\"PropertyValueSpecification\",\"valueRequired\":true,\"valueName\":\"search_term_string\"}}],\"inLanguage\":\"da-DK\"},{\"@type\":\"Organization\",\"@id\":\"http:\\\/\\\/staging-1697969310.akvajewellery.com\\\/#organization\",\"name\":\"AKVA Jewellery\",\"url\":\"http:\\\/\\\/staging-1697969310.akvajewellery.com\\\/\",\"logo\":{\"@type\":\"ImageObject\",\"inLanguage\":\"da-DK\",\"@id\":\"http:\\\/\\\/staging-1697969310.akvajewellery.com\\\/#\\\/schema\\\/logo\\\/image\\\/\",\"url\":\"https:\\\/\\\/akvajewellery.com\\\/wp-content\\\/uploads\\\/2023\\\/01\\\/AKVA-Risorsa-1-1.png\",\"contentUrl\":\"https:\\\/\\\/akvajewellery.com\\\/wp-content\\\/uploads\\\/2023\\\/01\\\/AKVA-Risorsa-1-1.png\",\"width\":3983,\"height\":1120,\"caption\":\"AKVA Jewellery\"},\"image\":{\"@id\":\"http:\\\/\\\/staging-1697969310.akvajewellery.com\\\/#\\\/schema\\\/logo\\\/image\\\/\"}}]}<\/script>\n<!-- \/ Yoast SEO plugin. -->","yoast_head_json":{"title":"Unda Bracelet - AKVA Jewellery","robots":{"index":"index","follow":"follow","max-snippet":"max-snippet:-1","max-image-preview":"max-image-preview:large","max-video-preview":"max-video-preview:-1"},"canonical":"https:\/\/akvajewellery.com\/da\/shop\/consilium-da\/unda-bracelet\/","og_locale":"da_DK","og_type":"article","og_title":"Unda Bracelet - AKVA Jewellery","og_description":"Unda er det latinske ord for b\u00f8lge. B\u00f8lger kan b\u00e5de v\u00e6re hensynsl\u00f8se og beroligende - de er evigt foranderlige. Vores Unda Bracelet er inspireret af de foranderlige b\u00f8lger. Vedh\u00e6nget i armb\u00e5ndet er i et elegant forl\u00f8b med k\u00e6den, hvilket givet et s\u00f8dt og feminint udtryk til designet.","og_url":"https:\/\/akvajewellery.com\/da\/shop\/consilium-da\/unda-bracelet\/","og_site_name":"AKVA Jewellery","article_modified_time":"2023-06-22T13:22:46+00:00","og_image":[{"width":1829,"height":2560,"url":"https:\/\/akvajewellery.com\/wp-content\/uploads\/2024\/11\/AKVA_LOOKBOOK_UNDABRACE_01_S-scaled.jpg","type":"image\/jpeg"}],"twitter_card":"summary_large_image","twitter_misc":{"Estimeret l\u00e6setid":"1 minut"},"schema":{"@context":"https:\/\/schema.org","@graph":[{"@type":"WebPage","@id":"https:\/\/akvajewellery.com\/da\/shop\/consilium-da\/unda-bracelet\/","url":"https:\/\/akvajewellery.com\/da\/shop\/consilium-da\/unda-bracelet\/","name":"Unda Bracelet - AKVA Jewellery","isPartOf":{"@id":"http:\/\/staging-1697969310.akvajewellery.com\/#website"},"primaryImageOfPage":{"@id":"https:\/\/akvajewellery.com\/da\/shop\/consilium-da\/unda-bracelet\/#primaryimage"},"image":{"@id":"https:\/\/akvajewellery.com\/da\/shop\/consilium-da\/unda-bracelet\/#primaryimage"},"thumbnailUrl":"https:\/\/akvajewellery.com\/wp-content\/uploads\/2024\/11\/AKVA_LOOKBOOK_UNDABRACE_01_S-scaled.jpg","datePublished":"2020-08-21T17:48:02+00:00","dateModified":"2023-06-22T13:22:46+00:00","breadcrumb":{"@id":"https:\/\/akvajewellery.com\/da\/shop\/consilium-da\/unda-bracelet\/#breadcrumb"},"inLanguage":"da-DK","potentialAction":[{"@type":"ReadAction","target":["https:\/\/akvajewellery.com\/da\/shop\/consilium-da\/unda-bracelet\/"]}]},{"@type":"ImageObject","inLanguage":"da-DK","@id":"https:\/\/akvajewellery.com\/da\/shop\/consilium-da\/unda-bracelet\/#primaryimage","url":"https:\/\/akvajewellery.com\/wp-content\/uploads\/2024\/11\/AKVA_LOOKBOOK_UNDABRACE_01_S-scaled.jpg","contentUrl":"https:\/\/akvajewellery.com\/wp-content\/uploads\/2024\/11\/AKVA_LOOKBOOK_UNDABRACE_01_S-scaled.jpg","width":1829,"height":2560},{"@type":"BreadcrumbList","@id":"https:\/\/akvajewellery.com\/da\/shop\/consilium-da\/unda-bracelet\/#breadcrumb","itemListElement":[{"@type":"ListItem","position":1,"name":"Home","item":"https:\/\/akvajewellery.com\/"},{"@type":"ListItem","position":2,"name":"Shop","item":"http:\/\/staging-1697969310.akvajewellery.com\/shop\/"},{"@type":"ListItem","position":3,"name":"Unda Bracelet"}]},{"@type":"WebSite","@id":"http:\/\/staging-1697969310.akvajewellery.com\/#website","url":"http:\/\/staging-1697969310.akvajewellery.com\/","name":"AKVA Jewellery","description":"AKVA Jewellery make timeless jewellery of high quality, which with its aesthetic expression encapsulates the feeling of the sea. All designs are made of recycled precious metals at the designers&#039; workshop in the heart of Copenhagen.","publisher":{"@id":"http:\/\/staging-1697969310.akvajewellery.com\/#organization"},"potentialAction":[{"@type":"SearchAction","target":{"@type":"EntryPoint","urlTemplate":"http:\/\/staging-1697969310.akvajewellery.com\/?s={search_term_string}"},"query-input":{"@type":"PropertyValueSpecification","valueRequired":true,"valueName":"search_term_string"}}],"inLanguage":"da-DK"},{"@type":"Organization","@id":"http:\/\/staging-1697969310.akvajewellery.com\/#organization","name":"AKVA Jewellery","url":"http:\/\/staging-1697969310.akvajewellery.com\/","logo":{"@type":"ImageObject","inLanguage":"da-DK","@id":"http:\/\/staging-1697969310.akvajewellery.com\/#\/schema\/logo\/image\/","url":"https:\/\/akvajewellery.com\/wp-content\/uploads\/2023\/01\/AKVA-Risorsa-1-1.png","contentUrl":"https:\/\/akvajewellery.com\/wp-content\/uploads\/2023\/01\/AKVA-Risorsa-1-1.png","width":3983,"height":1120,"caption":"AKVA Jewellery"},"image":{"@id":"http:\/\/staging-1697969310.akvajewellery.com\/#\/schema\/logo\/image\/"}}]}},"_links":{"self":[{"href":"https:\/\/akvajewellery.com\/da\/wp-json\/wp\/v2\/product\/21421","targetHints":{"allow":["GET"]}}],"collection":[{"href":"https:\/\/akvajewellery.com\/da\/wp-json\/wp\/v2\/product"}],"about":[{"href":"https:\/\/akvajewellery.com\/da\/wp-json\/wp\/v2\/types\/product"}],"version-history":[{"count":5,"href":"https:\/\/akvajewellery.com\/da\/wp-json\/wp\/v2\/product\/21421\/revisions"}],"predecessor-version":[{"id":31925,"href":"https:\/\/akvajewellery.com\/da\/wp-json\/wp\/v2\/product\/21421\/revisions\/31925"}],"wp:featuredmedia":[{"embeddable":true,"href":"https:\/\/akvajewellery.com\/da\/wp-json\/wp\/v2\/media\/45558"}],"wp:attachment":[{"href":"https:\/\/akvajewellery.com\/da\/wp-json\/wp\/v2\/media?parent=21421"}],"wp:term":[{"taxonomy":"product_brand","embeddable":true,"href":"https:\/\/akvajewellery.com\/da\/wp-json\/wp\/v2\/product_brand?post=21421"},{"taxonomy":"product_cat","embeddable":true,"href":"https:\/\/akvajewellery.com\/da\/wp-json\/wp\/v2\/product_cat?post=21421"},{"taxonomy":"product_tag","embeddable":true,"href":"https:\/\/akvajewellery.com\/da\/wp-json\/wp\/v2\/product_tag?post=21421"}],"curies":[{"name":"wp","href":"https:\/\/api.w.org\/{rel}","templated":true}]}}