{"id":23455,"date":"2021-07-21T09:43:12","date_gmt":"2021-07-21T09:43:12","guid":{"rendered":"https:\/\/akvajewellery.com\/shop\/Ikke%20kategoriseret\/wedding-band-ii\/"},"modified":"2026-01-23T13:59:16","modified_gmt":"2026-01-23T13:59:16","slug":"vielsesring-ii","status":"publish","type":"product","link":"https:\/\/akvajewellery.com\/da\/shop\/consilium-da\/vielsesring-ii\/","title":{"rendered":"Vielsesring II"},"content":{"rendered":"<p>Vielsesring II er lavet i massiv 14k genanvendt guld. Dens bredde er 4 mm.<\/p>\n<p>N\u00e5r du bestiller dette smykker, bliver det lavet specielt til dig. Derfor er leveringstiden op til seks uger.<\/p>\n<p>Vi anbefaler, at du laver en aftale med os forud for din bestilling, s\u00e5 vi kan vejlede dig i at v\u00e6lge den perfekte ring til den store dag \u2013 og resten af livet. Du er ogs\u00e5 meget velkommen til at kontakte os, hvis du har s\u00e6rlige \u00f8nsker til en vielsesring.<\/p>\n<p>Kontakt os gerne for yderligere vejledning og specielle \u00f8nsker. Du er altid velkommen til at se og pr\u00f8ve hele kollektionen i vores showroom i K\u00f8benhavn, husk blot at booke en tid inden her p\u00e5 siden.<\/p>\n","protected":false},"excerpt":{"rendered":"<p>Vielsesring II har med sin bredde p\u00e5 4 mm den mellemste bredde af vores tre vielsesringe. Med samme inspirationskilde og udtryk som Consilium kollektionen, er vielsesringene kreeret til at kunne parres med ringene i denne kollektion. Designets delikate linjer l\u00f8ber elegant rundt om fingeren og m\u00f8des i en usynlig samling.<\/p>\n","protected":false},"featured_media":42887,"template":"","meta":{"_acf_changed":false,"_wp_convertkit_post_meta":{"form":"-1","landing_page":"","tag":"0","restrict_content":"0"}},"product_brand":[],"product_cat":[117,145,139,177,138,134,178],"product_tag":[],"class_list":{"0":"post-23455","1":"product","2":"type-product","3":"status-publish","4":"has-post-thumbnail","6":"product_cat-consilium-da","7":"product_cat-guld-ringe","8":"product_cat-guldsmykker","9":"product_cat-nyheder","10":"product_cat-ringe","11":"product_cat-smykker","12":"product_cat-vielsesringe-da","14":"first","15":"instock","16":"taxable","17":"shipping-taxable","18":"purchasable","19":"product-type-variable"},"acf":[],"yoast_head":"<!-- This site is optimized with the Yoast SEO plugin v27.5 - https:\/\/yoast.com\/product\/yoast-seo-wordpress\/ -->\n<title>Vielsesring II - AKVA Jewellery<\/title>\n<meta name=\"robots\" content=\"index, follow, max-snippet:-1, max-image-preview:large, max-video-preview:-1\" \/>\n<link rel=\"canonical\" href=\"https:\/\/akvajewellery.com\/da\/shop\/consilium-da\/vielsesring-ii\/\" \/>\n<meta property=\"og:locale\" content=\"da_DK\" \/>\n<meta property=\"og:type\" content=\"article\" \/>\n<meta property=\"og:title\" content=\"Vielsesring II - AKVA Jewellery\" \/>\n<meta property=\"og:description\" content=\"Vielsesring II har med sin bredde p\u00e5 4 mm den mellemste bredde af vores tre vielsesringe. Med samme inspirationskilde og udtryk som Consilium kollektionen, er vielsesringene kreeret til at kunne parres med ringene i denne kollektion. Designets delikate linjer l\u00f8ber elegant rundt om fingeren og m\u00f8des i en usynlig samling.\" \/>\n<meta property=\"og:url\" content=\"https:\/\/akvajewellery.com\/da\/shop\/consilium-da\/vielsesring-ii\/\" \/>\n<meta property=\"og:site_name\" content=\"AKVA Jewellery\" \/>\n<meta property=\"article:modified_time\" content=\"2026-01-23T13:59:16+00:00\" \/>\n<meta property=\"og:image\" content=\"https:\/\/akvajewellery.com\/wp-content\/uploads\/2024\/11\/AKVA_LOOKBOOK_32_01_S-scaled.jpg\" \/>\n\t<meta property=\"og:image:width\" content=\"1829\" \/>\n\t<meta property=\"og:image:height\" content=\"2560\" \/>\n\t<meta property=\"og:image:type\" content=\"image\/jpeg\" \/>\n<meta name=\"twitter:card\" content=\"summary_large_image\" \/>\n<meta name=\"twitter:label1\" content=\"Estimeret l\u00e6setid\" \/>\n\t<meta name=\"twitter:data1\" content=\"1 minut\" \/>\n<script type=\"application\/ld+json\" class=\"yoast-schema-graph\">{\"@context\":\"https:\\\/\\\/schema.org\",\"@graph\":[{\"@type\":\"WebPage\",\"@id\":\"https:\\\/\\\/akvajewellery.com\\\/da\\\/shop\\\/consilium-da\\\/vielsesring-ii\\\/\",\"url\":\"https:\\\/\\\/akvajewellery.com\\\/da\\\/shop\\\/consilium-da\\\/vielsesring-ii\\\/\",\"name\":\"Vielsesring II - AKVA Jewellery\",\"isPartOf\":{\"@id\":\"http:\\\/\\\/staging-1697969310.akvajewellery.com\\\/#website\"},\"primaryImageOfPage\":{\"@id\":\"https:\\\/\\\/akvajewellery.com\\\/da\\\/shop\\\/consilium-da\\\/vielsesring-ii\\\/#primaryimage\"},\"image\":{\"@id\":\"https:\\\/\\\/akvajewellery.com\\\/da\\\/shop\\\/consilium-da\\\/vielsesring-ii\\\/#primaryimage\"},\"thumbnailUrl\":\"https:\\\/\\\/akvajewellery.com\\\/wp-content\\\/uploads\\\/2024\\\/11\\\/AKVA_LOOKBOOK_32_01_S-scaled.jpg\",\"datePublished\":\"2021-07-21T09:43:12+00:00\",\"dateModified\":\"2026-01-23T13:59:16+00:00\",\"breadcrumb\":{\"@id\":\"https:\\\/\\\/akvajewellery.com\\\/da\\\/shop\\\/consilium-da\\\/vielsesring-ii\\\/#breadcrumb\"},\"inLanguage\":\"da-DK\",\"potentialAction\":[{\"@type\":\"ReadAction\",\"target\":[\"https:\\\/\\\/akvajewellery.com\\\/da\\\/shop\\\/consilium-da\\\/vielsesring-ii\\\/\"]}]},{\"@type\":\"ImageObject\",\"inLanguage\":\"da-DK\",\"@id\":\"https:\\\/\\\/akvajewellery.com\\\/da\\\/shop\\\/consilium-da\\\/vielsesring-ii\\\/#primaryimage\",\"url\":\"https:\\\/\\\/akvajewellery.com\\\/wp-content\\\/uploads\\\/2024\\\/11\\\/AKVA_LOOKBOOK_32_01_S-scaled.jpg\",\"contentUrl\":\"https:\\\/\\\/akvajewellery.com\\\/wp-content\\\/uploads\\\/2024\\\/11\\\/AKVA_LOOKBOOK_32_01_S-scaled.jpg\",\"width\":1829,\"height\":2560},{\"@type\":\"BreadcrumbList\",\"@id\":\"https:\\\/\\\/akvajewellery.com\\\/da\\\/shop\\\/consilium-da\\\/vielsesring-ii\\\/#breadcrumb\",\"itemListElement\":[{\"@type\":\"ListItem\",\"position\":1,\"name\":\"Home\",\"item\":\"https:\\\/\\\/akvajewellery.com\\\/\"},{\"@type\":\"ListItem\",\"position\":2,\"name\":\"Shop\",\"item\":\"http:\\\/\\\/staging-1697969310.akvajewellery.com\\\/shop\\\/\"},{\"@type\":\"ListItem\",\"position\":3,\"name\":\"Vielsesring II\"}]},{\"@type\":\"WebSite\",\"@id\":\"http:\\\/\\\/staging-1697969310.akvajewellery.com\\\/#website\",\"url\":\"http:\\\/\\\/staging-1697969310.akvajewellery.com\\\/\",\"name\":\"AKVA Jewellery\",\"description\":\"AKVA Jewellery make timeless jewellery of high quality, which with its aesthetic expression encapsulates the feeling of the sea. All designs are made of recycled precious metals at the designers&#039; workshop in the heart of Copenhagen.\",\"publisher\":{\"@id\":\"http:\\\/\\\/staging-1697969310.akvajewellery.com\\\/#organization\"},\"potentialAction\":[{\"@type\":\"SearchAction\",\"target\":{\"@type\":\"EntryPoint\",\"urlTemplate\":\"http:\\\/\\\/staging-1697969310.akvajewellery.com\\\/?s={search_term_string}\"},\"query-input\":{\"@type\":\"PropertyValueSpecification\",\"valueRequired\":true,\"valueName\":\"search_term_string\"}}],\"inLanguage\":\"da-DK\"},{\"@type\":\"Organization\",\"@id\":\"http:\\\/\\\/staging-1697969310.akvajewellery.com\\\/#organization\",\"name\":\"AKVA Jewellery\",\"url\":\"http:\\\/\\\/staging-1697969310.akvajewellery.com\\\/\",\"logo\":{\"@type\":\"ImageObject\",\"inLanguage\":\"da-DK\",\"@id\":\"http:\\\/\\\/staging-1697969310.akvajewellery.com\\\/#\\\/schema\\\/logo\\\/image\\\/\",\"url\":\"https:\\\/\\\/akvajewellery.com\\\/wp-content\\\/uploads\\\/2023\\\/01\\\/AKVA-Risorsa-1-1.png\",\"contentUrl\":\"https:\\\/\\\/akvajewellery.com\\\/wp-content\\\/uploads\\\/2023\\\/01\\\/AKVA-Risorsa-1-1.png\",\"width\":3983,\"height\":1120,\"caption\":\"AKVA Jewellery\"},\"image\":{\"@id\":\"http:\\\/\\\/staging-1697969310.akvajewellery.com\\\/#\\\/schema\\\/logo\\\/image\\\/\"}}]}<\/script>\n<!-- \/ Yoast SEO plugin. -->","yoast_head_json":{"title":"Vielsesring II - AKVA Jewellery","robots":{"index":"index","follow":"follow","max-snippet":"max-snippet:-1","max-image-preview":"max-image-preview:large","max-video-preview":"max-video-preview:-1"},"canonical":"https:\/\/akvajewellery.com\/da\/shop\/consilium-da\/vielsesring-ii\/","og_locale":"da_DK","og_type":"article","og_title":"Vielsesring II - AKVA Jewellery","og_description":"Vielsesring II har med sin bredde p\u00e5 4 mm den mellemste bredde af vores tre vielsesringe. Med samme inspirationskilde og udtryk som Consilium kollektionen, er vielsesringene kreeret til at kunne parres med ringene i denne kollektion. Designets delikate linjer l\u00f8ber elegant rundt om fingeren og m\u00f8des i en usynlig samling.","og_url":"https:\/\/akvajewellery.com\/da\/shop\/consilium-da\/vielsesring-ii\/","og_site_name":"AKVA Jewellery","article_modified_time":"2026-01-23T13:59:16+00:00","og_image":[{"width":1829,"height":2560,"url":"https:\/\/akvajewellery.com\/wp-content\/uploads\/2024\/11\/AKVA_LOOKBOOK_32_01_S-scaled.jpg","type":"image\/jpeg"}],"twitter_card":"summary_large_image","twitter_misc":{"Estimeret l\u00e6setid":"1 minut"},"schema":{"@context":"https:\/\/schema.org","@graph":[{"@type":"WebPage","@id":"https:\/\/akvajewellery.com\/da\/shop\/consilium-da\/vielsesring-ii\/","url":"https:\/\/akvajewellery.com\/da\/shop\/consilium-da\/vielsesring-ii\/","name":"Vielsesring II - AKVA Jewellery","isPartOf":{"@id":"http:\/\/staging-1697969310.akvajewellery.com\/#website"},"primaryImageOfPage":{"@id":"https:\/\/akvajewellery.com\/da\/shop\/consilium-da\/vielsesring-ii\/#primaryimage"},"image":{"@id":"https:\/\/akvajewellery.com\/da\/shop\/consilium-da\/vielsesring-ii\/#primaryimage"},"thumbnailUrl":"https:\/\/akvajewellery.com\/wp-content\/uploads\/2024\/11\/AKVA_LOOKBOOK_32_01_S-scaled.jpg","datePublished":"2021-07-21T09:43:12+00:00","dateModified":"2026-01-23T13:59:16+00:00","breadcrumb":{"@id":"https:\/\/akvajewellery.com\/da\/shop\/consilium-da\/vielsesring-ii\/#breadcrumb"},"inLanguage":"da-DK","potentialAction":[{"@type":"ReadAction","target":["https:\/\/akvajewellery.com\/da\/shop\/consilium-da\/vielsesring-ii\/"]}]},{"@type":"ImageObject","inLanguage":"da-DK","@id":"https:\/\/akvajewellery.com\/da\/shop\/consilium-da\/vielsesring-ii\/#primaryimage","url":"https:\/\/akvajewellery.com\/wp-content\/uploads\/2024\/11\/AKVA_LOOKBOOK_32_01_S-scaled.jpg","contentUrl":"https:\/\/akvajewellery.com\/wp-content\/uploads\/2024\/11\/AKVA_LOOKBOOK_32_01_S-scaled.jpg","width":1829,"height":2560},{"@type":"BreadcrumbList","@id":"https:\/\/akvajewellery.com\/da\/shop\/consilium-da\/vielsesring-ii\/#breadcrumb","itemListElement":[{"@type":"ListItem","position":1,"name":"Home","item":"https:\/\/akvajewellery.com\/"},{"@type":"ListItem","position":2,"name":"Shop","item":"http:\/\/staging-1697969310.akvajewellery.com\/shop\/"},{"@type":"ListItem","position":3,"name":"Vielsesring II"}]},{"@type":"WebSite","@id":"http:\/\/staging-1697969310.akvajewellery.com\/#website","url":"http:\/\/staging-1697969310.akvajewellery.com\/","name":"AKVA Jewellery","description":"AKVA Jewellery make timeless jewellery of high quality, which with its aesthetic expression encapsulates the feeling of the sea. All designs are made of recycled precious metals at the designers&#039; workshop in the heart of Copenhagen.","publisher":{"@id":"http:\/\/staging-1697969310.akvajewellery.com\/#organization"},"potentialAction":[{"@type":"SearchAction","target":{"@type":"EntryPoint","urlTemplate":"http:\/\/staging-1697969310.akvajewellery.com\/?s={search_term_string}"},"query-input":{"@type":"PropertyValueSpecification","valueRequired":true,"valueName":"search_term_string"}}],"inLanguage":"da-DK"},{"@type":"Organization","@id":"http:\/\/staging-1697969310.akvajewellery.com\/#organization","name":"AKVA Jewellery","url":"http:\/\/staging-1697969310.akvajewellery.com\/","logo":{"@type":"ImageObject","inLanguage":"da-DK","@id":"http:\/\/staging-1697969310.akvajewellery.com\/#\/schema\/logo\/image\/","url":"https:\/\/akvajewellery.com\/wp-content\/uploads\/2023\/01\/AKVA-Risorsa-1-1.png","contentUrl":"https:\/\/akvajewellery.com\/wp-content\/uploads\/2023\/01\/AKVA-Risorsa-1-1.png","width":3983,"height":1120,"caption":"AKVA Jewellery"},"image":{"@id":"http:\/\/staging-1697969310.akvajewellery.com\/#\/schema\/logo\/image\/"}}]}},"_links":{"self":[{"href":"https:\/\/akvajewellery.com\/da\/wp-json\/wp\/v2\/product\/23455","targetHints":{"allow":["GET"]}}],"collection":[{"href":"https:\/\/akvajewellery.com\/da\/wp-json\/wp\/v2\/product"}],"about":[{"href":"https:\/\/akvajewellery.com\/da\/wp-json\/wp\/v2\/types\/product"}],"version-history":[{"count":5,"href":"https:\/\/akvajewellery.com\/da\/wp-json\/wp\/v2\/product\/23455\/revisions"}],"predecessor-version":[{"id":37223,"href":"https:\/\/akvajewellery.com\/da\/wp-json\/wp\/v2\/product\/23455\/revisions\/37223"}],"wp:featuredmedia":[{"embeddable":true,"href":"https:\/\/akvajewellery.com\/da\/wp-json\/wp\/v2\/media\/42887"}],"wp:attachment":[{"href":"https:\/\/akvajewellery.com\/da\/wp-json\/wp\/v2\/media?parent=23455"}],"wp:term":[{"taxonomy":"product_brand","embeddable":true,"href":"https:\/\/akvajewellery.com\/da\/wp-json\/wp\/v2\/product_brand?post=23455"},{"taxonomy":"product_cat","embeddable":true,"href":"https:\/\/akvajewellery.com\/da\/wp-json\/wp\/v2\/product_cat?post=23455"},{"taxonomy":"product_tag","embeddable":true,"href":"https:\/\/akvajewellery.com\/da\/wp-json\/wp\/v2\/product_tag?post=23455"}],"curies":[{"name":"wp","href":"https:\/\/api.w.org\/{rel}","templated":true}]}}