{"id":36502,"date":"2023-10-17T13:13:53","date_gmt":"2023-10-17T13:13:53","guid":{"rendered":"https:\/\/akvajewellery.com\/?post_type=product&#038;p=36502"},"modified":"2023-12-07T12:18:11","modified_gmt":"2023-12-07T12:18:11","slug":"cochlea-grande-ring-center-and-pave","status":"publish","type":"product","link":"https:\/\/akvajewellery.com\/da\/shop\/consilium-da\/cochlea-grande-ring-center-and-pave\/","title":{"rendered":"Cochlea Grande ring &#8211; Center and Pav\u00e9"},"content":{"rendered":"<p>Denne ring er AKVA EXCLUSIVE. Cochlea Grande &#8211; Pav\u00e9 and Center er lavet i massiv 14K genanvendt guld sat med en total af 0,43ct brillantslebne Top Wesselton VS diamanter.<\/p>\n<p>Kontakt os gerne for yderligere vejledning og specielle \u00f8nsker. Du er altid velkommen til at se og pr\u00f8ve hele kollektionen i vores showroom i K\u00f8benhavn, husk blot at booke en tid inden her p\u00e5 siden.<\/p>\n","protected":false},"excerpt":{"rendered":"<p>Cochlea er det latinske ord for sneglehuset med den genkendelige spiral top. Den organiske spiral kurve, der danner den \u00f8verste del af denne ring, har konnotationer til sneglehuse, konkylier og muslinger, som er en del af havets smukke skatte. De delikate linjer i dette design, omfavner let fingeren og flyder elegant ind i en bl\u00f8d ringskinne, som skaber et feminint udtryk. Cochlea ringen er prydet med 0,43ct brillantslebne Top Wesselton VS diamanter, som fremh\u00e6ver den sirlige spiral top.<\/p>\n","protected":false},"featured_media":41764,"template":"","meta":{"_acf_changed":false,"_wp_convertkit_post_meta":{"form":"-1","landing_page":"","tag":"0","restrict_content":"0"}},"product_brand":[],"product_cat":[117,148,140,182,145,139,177,138,134,178],"product_tag":[],"class_list":{"0":"post-36502","1":"product","2":"type-product","3":"status-publish","4":"has-post-thumbnail","6":"product_cat-consilium-da","7":"product_cat-diamant-ringe","8":"product_cat-diamantsmykker","9":"product_cat-feature","10":"product_cat-guld-ringe","11":"product_cat-guldsmykker","12":"product_cat-nyheder","13":"product_cat-ringe","14":"product_cat-smykker","15":"product_cat-vielsesringe-da","17":"first","18":"instock","19":"taxable","20":"shipping-taxable","21":"purchasable","22":"product-type-variable"},"acf":[],"yoast_head":"<!-- This site is optimized with the Yoast SEO plugin v27.5 - https:\/\/yoast.com\/product\/yoast-seo-wordpress\/ -->\n<title>Cochlea Grande ring - Center and Pav\u00e9 - AKVA Jewellery<\/title>\n<meta name=\"robots\" content=\"index, follow, max-snippet:-1, max-image-preview:large, max-video-preview:-1\" \/>\n<link rel=\"canonical\" href=\"https:\/\/akvajewellery.com\/da\/shop\/consilium-da\/cochlea-grande-ring-center-and-pave\/\" \/>\n<meta property=\"og:locale\" content=\"da_DK\" \/>\n<meta property=\"og:type\" content=\"article\" \/>\n<meta property=\"og:title\" content=\"Cochlea Grande ring - Center and Pav\u00e9 - AKVA Jewellery\" \/>\n<meta property=\"og:description\" content=\"Cochlea er det latinske ord for sneglehuset med den genkendelige spiral top. Den organiske spiral kurve, der danner den \u00f8verste del af denne ring, har konnotationer til sneglehuse, konkylier og muslinger, som er en del af havets smukke skatte. De delikate linjer i dette design, omfavner let fingeren og flyder elegant ind i en bl\u00f8d ringskinne, som skaber et feminint udtryk. Cochlea ringen er prydet med 0,43ct brillantslebne Top Wesselton VS diamanter, som fremh\u00e6ver den sirlige spiral top.\" \/>\n<meta property=\"og:url\" content=\"https:\/\/akvajewellery.com\/da\/shop\/consilium-da\/cochlea-grande-ring-center-and-pave\/\" \/>\n<meta property=\"og:site_name\" content=\"AKVA Jewellery\" \/>\n<meta property=\"article:modified_time\" content=\"2023-12-07T12:18:11+00:00\" \/>\n<meta property=\"og:image\" content=\"https:\/\/akvajewellery.com\/wp-content\/uploads\/2024\/11\/AKVA_LOOKBOOK_27_01_S-scaled.jpg\" \/>\n\t<meta property=\"og:image:width\" content=\"1829\" \/>\n\t<meta property=\"og:image:height\" content=\"2560\" \/>\n\t<meta property=\"og:image:type\" content=\"image\/jpeg\" \/>\n<meta name=\"twitter:card\" content=\"summary_large_image\" \/>\n<meta name=\"twitter:label1\" content=\"Estimeret l\u00e6setid\" \/>\n\t<meta name=\"twitter:data1\" content=\"1 minut\" \/>\n<script type=\"application\/ld+json\" class=\"yoast-schema-graph\">{\"@context\":\"https:\\\/\\\/schema.org\",\"@graph\":[{\"@type\":\"WebPage\",\"@id\":\"https:\\\/\\\/akvajewellery.com\\\/da\\\/shop\\\/consilium-da\\\/cochlea-grande-ring-center-and-pave\\\/\",\"url\":\"https:\\\/\\\/akvajewellery.com\\\/da\\\/shop\\\/consilium-da\\\/cochlea-grande-ring-center-and-pave\\\/\",\"name\":\"Cochlea Grande ring - Center and Pav\u00e9 - AKVA Jewellery\",\"isPartOf\":{\"@id\":\"http:\\\/\\\/staging-1697969310.akvajewellery.com\\\/#website\"},\"primaryImageOfPage\":{\"@id\":\"https:\\\/\\\/akvajewellery.com\\\/da\\\/shop\\\/consilium-da\\\/cochlea-grande-ring-center-and-pave\\\/#primaryimage\"},\"image\":{\"@id\":\"https:\\\/\\\/akvajewellery.com\\\/da\\\/shop\\\/consilium-da\\\/cochlea-grande-ring-center-and-pave\\\/#primaryimage\"},\"thumbnailUrl\":\"https:\\\/\\\/akvajewellery.com\\\/wp-content\\\/uploads\\\/2024\\\/11\\\/AKVA_LOOKBOOK_27_01_S-scaled.jpg\",\"datePublished\":\"2023-10-17T13:13:53+00:00\",\"dateModified\":\"2023-12-07T12:18:11+00:00\",\"breadcrumb\":{\"@id\":\"https:\\\/\\\/akvajewellery.com\\\/da\\\/shop\\\/consilium-da\\\/cochlea-grande-ring-center-and-pave\\\/#breadcrumb\"},\"inLanguage\":\"da-DK\",\"potentialAction\":[{\"@type\":\"ReadAction\",\"target\":[\"https:\\\/\\\/akvajewellery.com\\\/da\\\/shop\\\/consilium-da\\\/cochlea-grande-ring-center-and-pave\\\/\"]}]},{\"@type\":\"ImageObject\",\"inLanguage\":\"da-DK\",\"@id\":\"https:\\\/\\\/akvajewellery.com\\\/da\\\/shop\\\/consilium-da\\\/cochlea-grande-ring-center-and-pave\\\/#primaryimage\",\"url\":\"https:\\\/\\\/akvajewellery.com\\\/wp-content\\\/uploads\\\/2024\\\/11\\\/AKVA_LOOKBOOK_27_01_S-scaled.jpg\",\"contentUrl\":\"https:\\\/\\\/akvajewellery.com\\\/wp-content\\\/uploads\\\/2024\\\/11\\\/AKVA_LOOKBOOK_27_01_S-scaled.jpg\",\"width\":1829,\"height\":2560},{\"@type\":\"BreadcrumbList\",\"@id\":\"https:\\\/\\\/akvajewellery.com\\\/da\\\/shop\\\/consilium-da\\\/cochlea-grande-ring-center-and-pave\\\/#breadcrumb\",\"itemListElement\":[{\"@type\":\"ListItem\",\"position\":1,\"name\":\"Home\",\"item\":\"https:\\\/\\\/akvajewellery.com\\\/\"},{\"@type\":\"ListItem\",\"position\":2,\"name\":\"Shop\",\"item\":\"http:\\\/\\\/staging-1697969310.akvajewellery.com\\\/shop\\\/\"},{\"@type\":\"ListItem\",\"position\":3,\"name\":\"Cochlea Grande ring &#8211; Center and Pav\u00e9\"}]},{\"@type\":\"WebSite\",\"@id\":\"http:\\\/\\\/staging-1697969310.akvajewellery.com\\\/#website\",\"url\":\"http:\\\/\\\/staging-1697969310.akvajewellery.com\\\/\",\"name\":\"AKVA Jewellery\",\"description\":\"AKVA Jewellery make timeless jewellery of high quality, which with its aesthetic expression encapsulates the feeling of the sea. All designs are made of recycled precious metals at the designers&#039; workshop in the heart of Copenhagen.\",\"publisher\":{\"@id\":\"http:\\\/\\\/staging-1697969310.akvajewellery.com\\\/#organization\"},\"potentialAction\":[{\"@type\":\"SearchAction\",\"target\":{\"@type\":\"EntryPoint\",\"urlTemplate\":\"http:\\\/\\\/staging-1697969310.akvajewellery.com\\\/?s={search_term_string}\"},\"query-input\":{\"@type\":\"PropertyValueSpecification\",\"valueRequired\":true,\"valueName\":\"search_term_string\"}}],\"inLanguage\":\"da-DK\"},{\"@type\":\"Organization\",\"@id\":\"http:\\\/\\\/staging-1697969310.akvajewellery.com\\\/#organization\",\"name\":\"AKVA Jewellery\",\"url\":\"http:\\\/\\\/staging-1697969310.akvajewellery.com\\\/\",\"logo\":{\"@type\":\"ImageObject\",\"inLanguage\":\"da-DK\",\"@id\":\"http:\\\/\\\/staging-1697969310.akvajewellery.com\\\/#\\\/schema\\\/logo\\\/image\\\/\",\"url\":\"https:\\\/\\\/akvajewellery.com\\\/wp-content\\\/uploads\\\/2023\\\/01\\\/AKVA-Risorsa-1-1.png\",\"contentUrl\":\"https:\\\/\\\/akvajewellery.com\\\/wp-content\\\/uploads\\\/2023\\\/01\\\/AKVA-Risorsa-1-1.png\",\"width\":3983,\"height\":1120,\"caption\":\"AKVA Jewellery\"},\"image\":{\"@id\":\"http:\\\/\\\/staging-1697969310.akvajewellery.com\\\/#\\\/schema\\\/logo\\\/image\\\/\"}}]}<\/script>\n<!-- \/ Yoast SEO plugin. -->","yoast_head_json":{"title":"Cochlea Grande ring - Center and Pav\u00e9 - AKVA Jewellery","robots":{"index":"index","follow":"follow","max-snippet":"max-snippet:-1","max-image-preview":"max-image-preview:large","max-video-preview":"max-video-preview:-1"},"canonical":"https:\/\/akvajewellery.com\/da\/shop\/consilium-da\/cochlea-grande-ring-center-and-pave\/","og_locale":"da_DK","og_type":"article","og_title":"Cochlea Grande ring - Center and Pav\u00e9 - AKVA Jewellery","og_description":"Cochlea er det latinske ord for sneglehuset med den genkendelige spiral top. Den organiske spiral kurve, der danner den \u00f8verste del af denne ring, har konnotationer til sneglehuse, konkylier og muslinger, som er en del af havets smukke skatte. De delikate linjer i dette design, omfavner let fingeren og flyder elegant ind i en bl\u00f8d ringskinne, som skaber et feminint udtryk. Cochlea ringen er prydet med 0,43ct brillantslebne Top Wesselton VS diamanter, som fremh\u00e6ver den sirlige spiral top.","og_url":"https:\/\/akvajewellery.com\/da\/shop\/consilium-da\/cochlea-grande-ring-center-and-pave\/","og_site_name":"AKVA Jewellery","article_modified_time":"2023-12-07T12:18:11+00:00","og_image":[{"width":1829,"height":2560,"url":"https:\/\/akvajewellery.com\/wp-content\/uploads\/2024\/11\/AKVA_LOOKBOOK_27_01_S-scaled.jpg","type":"image\/jpeg"}],"twitter_card":"summary_large_image","twitter_misc":{"Estimeret l\u00e6setid":"1 minut"},"schema":{"@context":"https:\/\/schema.org","@graph":[{"@type":"WebPage","@id":"https:\/\/akvajewellery.com\/da\/shop\/consilium-da\/cochlea-grande-ring-center-and-pave\/","url":"https:\/\/akvajewellery.com\/da\/shop\/consilium-da\/cochlea-grande-ring-center-and-pave\/","name":"Cochlea Grande ring - Center and Pav\u00e9 - AKVA Jewellery","isPartOf":{"@id":"http:\/\/staging-1697969310.akvajewellery.com\/#website"},"primaryImageOfPage":{"@id":"https:\/\/akvajewellery.com\/da\/shop\/consilium-da\/cochlea-grande-ring-center-and-pave\/#primaryimage"},"image":{"@id":"https:\/\/akvajewellery.com\/da\/shop\/consilium-da\/cochlea-grande-ring-center-and-pave\/#primaryimage"},"thumbnailUrl":"https:\/\/akvajewellery.com\/wp-content\/uploads\/2024\/11\/AKVA_LOOKBOOK_27_01_S-scaled.jpg","datePublished":"2023-10-17T13:13:53+00:00","dateModified":"2023-12-07T12:18:11+00:00","breadcrumb":{"@id":"https:\/\/akvajewellery.com\/da\/shop\/consilium-da\/cochlea-grande-ring-center-and-pave\/#breadcrumb"},"inLanguage":"da-DK","potentialAction":[{"@type":"ReadAction","target":["https:\/\/akvajewellery.com\/da\/shop\/consilium-da\/cochlea-grande-ring-center-and-pave\/"]}]},{"@type":"ImageObject","inLanguage":"da-DK","@id":"https:\/\/akvajewellery.com\/da\/shop\/consilium-da\/cochlea-grande-ring-center-and-pave\/#primaryimage","url":"https:\/\/akvajewellery.com\/wp-content\/uploads\/2024\/11\/AKVA_LOOKBOOK_27_01_S-scaled.jpg","contentUrl":"https:\/\/akvajewellery.com\/wp-content\/uploads\/2024\/11\/AKVA_LOOKBOOK_27_01_S-scaled.jpg","width":1829,"height":2560},{"@type":"BreadcrumbList","@id":"https:\/\/akvajewellery.com\/da\/shop\/consilium-da\/cochlea-grande-ring-center-and-pave\/#breadcrumb","itemListElement":[{"@type":"ListItem","position":1,"name":"Home","item":"https:\/\/akvajewellery.com\/"},{"@type":"ListItem","position":2,"name":"Shop","item":"http:\/\/staging-1697969310.akvajewellery.com\/shop\/"},{"@type":"ListItem","position":3,"name":"Cochlea Grande ring &#8211; Center and Pav\u00e9"}]},{"@type":"WebSite","@id":"http:\/\/staging-1697969310.akvajewellery.com\/#website","url":"http:\/\/staging-1697969310.akvajewellery.com\/","name":"AKVA Jewellery","description":"AKVA Jewellery make timeless jewellery of high quality, which with its aesthetic expression encapsulates the feeling of the sea. All designs are made of recycled precious metals at the designers&#039; workshop in the heart of Copenhagen.","publisher":{"@id":"http:\/\/staging-1697969310.akvajewellery.com\/#organization"},"potentialAction":[{"@type":"SearchAction","target":{"@type":"EntryPoint","urlTemplate":"http:\/\/staging-1697969310.akvajewellery.com\/?s={search_term_string}"},"query-input":{"@type":"PropertyValueSpecification","valueRequired":true,"valueName":"search_term_string"}}],"inLanguage":"da-DK"},{"@type":"Organization","@id":"http:\/\/staging-1697969310.akvajewellery.com\/#organization","name":"AKVA Jewellery","url":"http:\/\/staging-1697969310.akvajewellery.com\/","logo":{"@type":"ImageObject","inLanguage":"da-DK","@id":"http:\/\/staging-1697969310.akvajewellery.com\/#\/schema\/logo\/image\/","url":"https:\/\/akvajewellery.com\/wp-content\/uploads\/2023\/01\/AKVA-Risorsa-1-1.png","contentUrl":"https:\/\/akvajewellery.com\/wp-content\/uploads\/2023\/01\/AKVA-Risorsa-1-1.png","width":3983,"height":1120,"caption":"AKVA Jewellery"},"image":{"@id":"http:\/\/staging-1697969310.akvajewellery.com\/#\/schema\/logo\/image\/"}}]}},"_links":{"self":[{"href":"https:\/\/akvajewellery.com\/da\/wp-json\/wp\/v2\/product\/36502","targetHints":{"allow":["GET"]}}],"collection":[{"href":"https:\/\/akvajewellery.com\/da\/wp-json\/wp\/v2\/product"}],"about":[{"href":"https:\/\/akvajewellery.com\/da\/wp-json\/wp\/v2\/types\/product"}],"version-history":[{"count":3,"href":"https:\/\/akvajewellery.com\/da\/wp-json\/wp\/v2\/product\/36502\/revisions"}],"predecessor-version":[{"id":37206,"href":"https:\/\/akvajewellery.com\/da\/wp-json\/wp\/v2\/product\/36502\/revisions\/37206"}],"wp:featuredmedia":[{"embeddable":true,"href":"https:\/\/akvajewellery.com\/da\/wp-json\/wp\/v2\/media\/41764"}],"wp:attachment":[{"href":"https:\/\/akvajewellery.com\/da\/wp-json\/wp\/v2\/media?parent=36502"}],"wp:term":[{"taxonomy":"product_brand","embeddable":true,"href":"https:\/\/akvajewellery.com\/da\/wp-json\/wp\/v2\/product_brand?post=36502"},{"taxonomy":"product_cat","embeddable":true,"href":"https:\/\/akvajewellery.com\/da\/wp-json\/wp\/v2\/product_cat?post=36502"},{"taxonomy":"product_tag","embeddable":true,"href":"https:\/\/akvajewellery.com\/da\/wp-json\/wp\/v2\/product_tag?post=36502"}],"curies":[{"name":"wp","href":"https:\/\/api.w.org\/{rel}","templated":true}]}}