{"id":36572,"date":"2023-10-17T13:30:59","date_gmt":"2023-10-17T13:30:59","guid":{"rendered":"https:\/\/akvajewellery.com\/?post_type=product&#038;p=36572"},"modified":"2024-11-22T13:14:16","modified_gmt":"2024-11-22T13:14:16","slug":"cochlea-grande-ring-pave","status":"publish","type":"product","link":"https:\/\/akvajewellery.com\/da\/shop\/consilium-da\/cochlea-grande-ring-pave\/","title":{"rendered":"Palea Grande Ring Pav\u00e9"},"content":{"rendered":"<p>Denne ring er AKVA EXCLUSIVE. Palea Grande Ring Pav\u00e9 er lavet i massiv 14K genanvendt guld sat med en total af 0,11ct brillantslebne Top Wesselton VS diamanter.<\/p>\n<p>Kontakt os gerne for yderligere vejledning og specielle \u00f8nsker. Du er altid velkommen til at se og pr\u00f8ve hele kollektionen i vores showroom i K\u00f8benhavn, husk blot at booke en tid inden her p\u00e5 siden.<\/p>\n","protected":false},"excerpt":{"rendered":"<p>Vores Palea Grande Ring Pav\u00e9 er inspireret af det siv, der vokser i og omkring de nordiske farvande. Palea er det latinske ord for siv. De delikate kurver der udg\u00f8r toppen af denne ring omfavner smukt fingeren og giver et harmonisk udtryk.<\/p>\n","protected":false},"featured_media":45798,"template":"","meta":{"_acf_changed":false,"_wp_convertkit_post_meta":{"form":"-1","landing_page":"","tag":"0","restrict_content":"0"}},"product_brand":[],"product_cat":[117,148,140,182,145,139,177,138,134,178],"product_tag":[],"class_list":{"0":"post-36572","1":"product","2":"type-product","3":"status-publish","4":"has-post-thumbnail","6":"product_cat-consilium-da","7":"product_cat-diamant-ringe","8":"product_cat-diamantsmykker","9":"product_cat-feature","10":"product_cat-guld-ringe","11":"product_cat-guldsmykker","12":"product_cat-nyheder","13":"product_cat-ringe","14":"product_cat-smykker","15":"product_cat-vielsesringe-da","17":"first","18":"instock","19":"taxable","20":"shipping-taxable","21":"purchasable","22":"product-type-variable"},"acf":[],"yoast_head":"<!-- This site is optimized with the Yoast SEO plugin v27.5 - https:\/\/yoast.com\/product\/yoast-seo-wordpress\/ -->\n<title>Palea Grande Ring Pav\u00e9 - AKVA Jewellery<\/title>\n<meta name=\"robots\" content=\"index, follow, max-snippet:-1, max-image-preview:large, max-video-preview:-1\" \/>\n<link rel=\"canonical\" href=\"https:\/\/akvajewellery.com\/da\/shop\/consilium-da\/cochlea-grande-ring-pave\/\" \/>\n<meta property=\"og:locale\" content=\"da_DK\" \/>\n<meta property=\"og:type\" content=\"article\" \/>\n<meta property=\"og:title\" content=\"Palea Grande Ring Pav\u00e9 - AKVA Jewellery\" \/>\n<meta property=\"og:description\" content=\"Vores Palea Grande Ring Pav\u00e9 er inspireret af det siv, der vokser i og omkring de nordiske farvande. Palea er det latinske ord for siv. De delikate kurver der udg\u00f8r toppen af denne ring omfavner smukt fingeren og giver et harmonisk udtryk.\" \/>\n<meta property=\"og:url\" content=\"https:\/\/akvajewellery.com\/da\/shop\/consilium-da\/cochlea-grande-ring-pave\/\" \/>\n<meta property=\"og:site_name\" content=\"AKVA Jewellery\" \/>\n<meta property=\"article:modified_time\" content=\"2024-11-22T13:14:16+00:00\" \/>\n<meta property=\"og:image\" content=\"https:\/\/akvajewellery.com\/wp-content\/uploads\/2024\/12\/AKVA_LOOKBOOK_39_01_S_V2-scaled.jpg\" \/>\n\t<meta property=\"og:image:width\" content=\"1829\" \/>\n\t<meta property=\"og:image:height\" content=\"2560\" \/>\n\t<meta property=\"og:image:type\" content=\"image\/jpeg\" \/>\n<meta name=\"twitter:card\" content=\"summary_large_image\" \/>\n<meta name=\"twitter:label1\" content=\"Estimeret l\u00e6setid\" \/>\n\t<meta name=\"twitter:data1\" content=\"1 minut\" \/>\n<script type=\"application\/ld+json\" class=\"yoast-schema-graph\">{\"@context\":\"https:\\\/\\\/schema.org\",\"@graph\":[{\"@type\":\"WebPage\",\"@id\":\"https:\\\/\\\/akvajewellery.com\\\/da\\\/shop\\\/consilium-da\\\/cochlea-grande-ring-pave\\\/\",\"url\":\"https:\\\/\\\/akvajewellery.com\\\/da\\\/shop\\\/consilium-da\\\/cochlea-grande-ring-pave\\\/\",\"name\":\"Palea Grande Ring Pav\u00e9 - AKVA Jewellery\",\"isPartOf\":{\"@id\":\"http:\\\/\\\/staging-1697969310.akvajewellery.com\\\/#website\"},\"primaryImageOfPage\":{\"@id\":\"https:\\\/\\\/akvajewellery.com\\\/da\\\/shop\\\/consilium-da\\\/cochlea-grande-ring-pave\\\/#primaryimage\"},\"image\":{\"@id\":\"https:\\\/\\\/akvajewellery.com\\\/da\\\/shop\\\/consilium-da\\\/cochlea-grande-ring-pave\\\/#primaryimage\"},\"thumbnailUrl\":\"https:\\\/\\\/akvajewellery.com\\\/wp-content\\\/uploads\\\/2024\\\/12\\\/AKVA_LOOKBOOK_39_01_S_V2-scaled.jpg\",\"datePublished\":\"2023-10-17T13:30:59+00:00\",\"dateModified\":\"2024-11-22T13:14:16+00:00\",\"breadcrumb\":{\"@id\":\"https:\\\/\\\/akvajewellery.com\\\/da\\\/shop\\\/consilium-da\\\/cochlea-grande-ring-pave\\\/#breadcrumb\"},\"inLanguage\":\"da-DK\",\"potentialAction\":[{\"@type\":\"ReadAction\",\"target\":[\"https:\\\/\\\/akvajewellery.com\\\/da\\\/shop\\\/consilium-da\\\/cochlea-grande-ring-pave\\\/\"]}]},{\"@type\":\"ImageObject\",\"inLanguage\":\"da-DK\",\"@id\":\"https:\\\/\\\/akvajewellery.com\\\/da\\\/shop\\\/consilium-da\\\/cochlea-grande-ring-pave\\\/#primaryimage\",\"url\":\"https:\\\/\\\/akvajewellery.com\\\/wp-content\\\/uploads\\\/2024\\\/12\\\/AKVA_LOOKBOOK_39_01_S_V2-scaled.jpg\",\"contentUrl\":\"https:\\\/\\\/akvajewellery.com\\\/wp-content\\\/uploads\\\/2024\\\/12\\\/AKVA_LOOKBOOK_39_01_S_V2-scaled.jpg\",\"width\":1829,\"height\":2560},{\"@type\":\"BreadcrumbList\",\"@id\":\"https:\\\/\\\/akvajewellery.com\\\/da\\\/shop\\\/consilium-da\\\/cochlea-grande-ring-pave\\\/#breadcrumb\",\"itemListElement\":[{\"@type\":\"ListItem\",\"position\":1,\"name\":\"Home\",\"item\":\"https:\\\/\\\/akvajewellery.com\\\/\"},{\"@type\":\"ListItem\",\"position\":2,\"name\":\"Shop\",\"item\":\"http:\\\/\\\/staging-1697969310.akvajewellery.com\\\/shop\\\/\"},{\"@type\":\"ListItem\",\"position\":3,\"name\":\"Palea Grande Ring Pav\u00e9\"}]},{\"@type\":\"WebSite\",\"@id\":\"http:\\\/\\\/staging-1697969310.akvajewellery.com\\\/#website\",\"url\":\"http:\\\/\\\/staging-1697969310.akvajewellery.com\\\/\",\"name\":\"AKVA Jewellery\",\"description\":\"AKVA Jewellery make timeless jewellery of high quality, which with its aesthetic expression encapsulates the feeling of the sea. All designs are made of recycled precious metals at the designers&#039; workshop in the heart of Copenhagen.\",\"publisher\":{\"@id\":\"http:\\\/\\\/staging-1697969310.akvajewellery.com\\\/#organization\"},\"potentialAction\":[{\"@type\":\"SearchAction\",\"target\":{\"@type\":\"EntryPoint\",\"urlTemplate\":\"http:\\\/\\\/staging-1697969310.akvajewellery.com\\\/?s={search_term_string}\"},\"query-input\":{\"@type\":\"PropertyValueSpecification\",\"valueRequired\":true,\"valueName\":\"search_term_string\"}}],\"inLanguage\":\"da-DK\"},{\"@type\":\"Organization\",\"@id\":\"http:\\\/\\\/staging-1697969310.akvajewellery.com\\\/#organization\",\"name\":\"AKVA Jewellery\",\"url\":\"http:\\\/\\\/staging-1697969310.akvajewellery.com\\\/\",\"logo\":{\"@type\":\"ImageObject\",\"inLanguage\":\"da-DK\",\"@id\":\"http:\\\/\\\/staging-1697969310.akvajewellery.com\\\/#\\\/schema\\\/logo\\\/image\\\/\",\"url\":\"https:\\\/\\\/akvajewellery.com\\\/wp-content\\\/uploads\\\/2023\\\/01\\\/AKVA-Risorsa-1-1.png\",\"contentUrl\":\"https:\\\/\\\/akvajewellery.com\\\/wp-content\\\/uploads\\\/2023\\\/01\\\/AKVA-Risorsa-1-1.png\",\"width\":3983,\"height\":1120,\"caption\":\"AKVA Jewellery\"},\"image\":{\"@id\":\"http:\\\/\\\/staging-1697969310.akvajewellery.com\\\/#\\\/schema\\\/logo\\\/image\\\/\"}}]}<\/script>\n<!-- \/ Yoast SEO plugin. -->","yoast_head_json":{"title":"Palea Grande Ring Pav\u00e9 - AKVA Jewellery","robots":{"index":"index","follow":"follow","max-snippet":"max-snippet:-1","max-image-preview":"max-image-preview:large","max-video-preview":"max-video-preview:-1"},"canonical":"https:\/\/akvajewellery.com\/da\/shop\/consilium-da\/cochlea-grande-ring-pave\/","og_locale":"da_DK","og_type":"article","og_title":"Palea Grande Ring Pav\u00e9 - AKVA Jewellery","og_description":"Vores Palea Grande Ring Pav\u00e9 er inspireret af det siv, der vokser i og omkring de nordiske farvande. Palea er det latinske ord for siv. De delikate kurver der udg\u00f8r toppen af denne ring omfavner smukt fingeren og giver et harmonisk udtryk.","og_url":"https:\/\/akvajewellery.com\/da\/shop\/consilium-da\/cochlea-grande-ring-pave\/","og_site_name":"AKVA Jewellery","article_modified_time":"2024-11-22T13:14:16+00:00","og_image":[{"width":1829,"height":2560,"url":"https:\/\/akvajewellery.com\/wp-content\/uploads\/2024\/12\/AKVA_LOOKBOOK_39_01_S_V2-scaled.jpg","type":"image\/jpeg"}],"twitter_card":"summary_large_image","twitter_misc":{"Estimeret l\u00e6setid":"1 minut"},"schema":{"@context":"https:\/\/schema.org","@graph":[{"@type":"WebPage","@id":"https:\/\/akvajewellery.com\/da\/shop\/consilium-da\/cochlea-grande-ring-pave\/","url":"https:\/\/akvajewellery.com\/da\/shop\/consilium-da\/cochlea-grande-ring-pave\/","name":"Palea Grande Ring Pav\u00e9 - AKVA Jewellery","isPartOf":{"@id":"http:\/\/staging-1697969310.akvajewellery.com\/#website"},"primaryImageOfPage":{"@id":"https:\/\/akvajewellery.com\/da\/shop\/consilium-da\/cochlea-grande-ring-pave\/#primaryimage"},"image":{"@id":"https:\/\/akvajewellery.com\/da\/shop\/consilium-da\/cochlea-grande-ring-pave\/#primaryimage"},"thumbnailUrl":"https:\/\/akvajewellery.com\/wp-content\/uploads\/2024\/12\/AKVA_LOOKBOOK_39_01_S_V2-scaled.jpg","datePublished":"2023-10-17T13:30:59+00:00","dateModified":"2024-11-22T13:14:16+00:00","breadcrumb":{"@id":"https:\/\/akvajewellery.com\/da\/shop\/consilium-da\/cochlea-grande-ring-pave\/#breadcrumb"},"inLanguage":"da-DK","potentialAction":[{"@type":"ReadAction","target":["https:\/\/akvajewellery.com\/da\/shop\/consilium-da\/cochlea-grande-ring-pave\/"]}]},{"@type":"ImageObject","inLanguage":"da-DK","@id":"https:\/\/akvajewellery.com\/da\/shop\/consilium-da\/cochlea-grande-ring-pave\/#primaryimage","url":"https:\/\/akvajewellery.com\/wp-content\/uploads\/2024\/12\/AKVA_LOOKBOOK_39_01_S_V2-scaled.jpg","contentUrl":"https:\/\/akvajewellery.com\/wp-content\/uploads\/2024\/12\/AKVA_LOOKBOOK_39_01_S_V2-scaled.jpg","width":1829,"height":2560},{"@type":"BreadcrumbList","@id":"https:\/\/akvajewellery.com\/da\/shop\/consilium-da\/cochlea-grande-ring-pave\/#breadcrumb","itemListElement":[{"@type":"ListItem","position":1,"name":"Home","item":"https:\/\/akvajewellery.com\/"},{"@type":"ListItem","position":2,"name":"Shop","item":"http:\/\/staging-1697969310.akvajewellery.com\/shop\/"},{"@type":"ListItem","position":3,"name":"Palea Grande Ring Pav\u00e9"}]},{"@type":"WebSite","@id":"http:\/\/staging-1697969310.akvajewellery.com\/#website","url":"http:\/\/staging-1697969310.akvajewellery.com\/","name":"AKVA Jewellery","description":"AKVA Jewellery make timeless jewellery of high quality, which with its aesthetic expression encapsulates the feeling of the sea. All designs are made of recycled precious metals at the designers&#039; workshop in the heart of Copenhagen.","publisher":{"@id":"http:\/\/staging-1697969310.akvajewellery.com\/#organization"},"potentialAction":[{"@type":"SearchAction","target":{"@type":"EntryPoint","urlTemplate":"http:\/\/staging-1697969310.akvajewellery.com\/?s={search_term_string}"},"query-input":{"@type":"PropertyValueSpecification","valueRequired":true,"valueName":"search_term_string"}}],"inLanguage":"da-DK"},{"@type":"Organization","@id":"http:\/\/staging-1697969310.akvajewellery.com\/#organization","name":"AKVA Jewellery","url":"http:\/\/staging-1697969310.akvajewellery.com\/","logo":{"@type":"ImageObject","inLanguage":"da-DK","@id":"http:\/\/staging-1697969310.akvajewellery.com\/#\/schema\/logo\/image\/","url":"https:\/\/akvajewellery.com\/wp-content\/uploads\/2023\/01\/AKVA-Risorsa-1-1.png","contentUrl":"https:\/\/akvajewellery.com\/wp-content\/uploads\/2023\/01\/AKVA-Risorsa-1-1.png","width":3983,"height":1120,"caption":"AKVA Jewellery"},"image":{"@id":"http:\/\/staging-1697969310.akvajewellery.com\/#\/schema\/logo\/image\/"}}]}},"_links":{"self":[{"href":"https:\/\/akvajewellery.com\/da\/wp-json\/wp\/v2\/product\/36572","targetHints":{"allow":["GET"]}}],"collection":[{"href":"https:\/\/akvajewellery.com\/da\/wp-json\/wp\/v2\/product"}],"about":[{"href":"https:\/\/akvajewellery.com\/da\/wp-json\/wp\/v2\/types\/product"}],"version-history":[{"count":8,"href":"https:\/\/akvajewellery.com\/da\/wp-json\/wp\/v2\/product\/36572\/revisions"}],"predecessor-version":[{"id":43037,"href":"https:\/\/akvajewellery.com\/da\/wp-json\/wp\/v2\/product\/36572\/revisions\/43037"}],"wp:featuredmedia":[{"embeddable":true,"href":"https:\/\/akvajewellery.com\/da\/wp-json\/wp\/v2\/media\/45798"}],"wp:attachment":[{"href":"https:\/\/akvajewellery.com\/da\/wp-json\/wp\/v2\/media?parent=36572"}],"wp:term":[{"taxonomy":"product_brand","embeddable":true,"href":"https:\/\/akvajewellery.com\/da\/wp-json\/wp\/v2\/product_brand?post=36572"},{"taxonomy":"product_cat","embeddable":true,"href":"https:\/\/akvajewellery.com\/da\/wp-json\/wp\/v2\/product_cat?post=36572"},{"taxonomy":"product_tag","embeddable":true,"href":"https:\/\/akvajewellery.com\/da\/wp-json\/wp\/v2\/product_tag?post=36572"}],"curies":[{"name":"wp","href":"https:\/\/api.w.org\/{rel}","templated":true}]}}